{"id":1070,"date":"2019-07-07T11:39:37","date_gmt":"2019-07-07T09:39:37","guid":{"rendered":"http:\/\/www.testing.vandeputte.com\/oleochimie\/"},"modified":"2024-02-16T14:16:23","modified_gmt":"2024-02-16T13:16:23","slug":"oleochemie","status":"publish","type":"page","link":"https:\/\/www.vandeputte.com\/nl\/oleochemie\/","title":{"rendered":"Oleochemie"},"content":{"rendered":"<p>[vc_row video_bg=&#8221;use_video&#8221; video_webm=&#8221;http:\/\/www.vandeputte.com\/wp-content\/uploads\/2019\/11\/Video_header_oleo.webm&#8221; video_mp4=&#8221;http:\/\/www.vandeputte.com\/wp-content\/uploads\/2019\/07\/Video_header_04_0002.mp4&#8243; text_color=&#8221;light&#8221; text_align=&#8221;center&#8221; top_padding=&#8221;250&#8243; bottom_padding=&#8221;150&#8243; full_height=&#8221;true&#8221; row_id=&#8221;top_header_title&#8221;][vc_column width=&#8221;1\/1&#8243;]<h1 class=\"headline font-inherit fontsize-xxxxxl fontweight-800 lh-inherit align-center transform-inherit \" style=\"margin: 0 0 0 0;\">Oleochemie<\/h1><h3 class=\"headline font-inherit fontsize-xxxxxl fontweight-800 lh-inherit align-center transform-inherit \" style=\"margin: 0 0 0 0;\">Uw specialist in plantaardige oliederivaten<\/h3>[\/vc_column][\/vc_row][vc_row top_padding=&#8221;90&#8243; bottom_padding=&#8221;90&#8243;][vc_column width=&#8221;1\/6&#8243;][\/vc_column][vc_column width=&#8221;2\/3&#8243;]<h3 class=\"headline font-inherit fontsize-l fontweight-500 lh-12 align-center transform-inherit \" style=\"margin: 0 0 20px 0; color: #b3b3b3;\">Ontwikkeling en duurzame toekomst.<\/h3>[\/vc_column][vc_column width=&#8221;1\/6&#8243;][\/vc_column][\/vc_row][vc_row top_padding=&#8221;0&#8243; bottom_padding=&#8221;90&#8243;][vc_column width=&#8221;1\/2&#8243;][vc_column_text]<\/p>\n<h2><strong>R&amp;D: naar een vermindering van de CO2-voetafdruk, in samenwerking met onze klanten!<\/strong><\/h2>\n<p>Onze verkoopafdeling en onze R&amp;D-afdeling staan tot uw beschikking om nieuwe soorten materialen te ontwikkelen en te produceren. Elke dag openen zich nieuwe toepassingsgebieden voor onze producten.<\/p>\n<p>Wij hebben Oleochemicals gestructureerd rond 2 assen: een zeer effici\u00ebnte en polyvalente productie-eenheid en ons R&amp;D-laboratorium dat <strong>\u00ab<\/strong> <strong>gepersonaliseerde klantenondersteuning \u00bb <\/strong>biedt.<\/p>\n<p>Wij ontwikkelen technische oli\u00ebn zoals: <strong>standolie, gekookte, geblazen, gemale\u00efniseerd, gemodificeerde en gefunctionaliseerde oli\u00ebn.<\/strong><\/p>\n<p>Met onze proefreactor kunnen onze partners en klanten hun producten in ontwikkeling testen en valideren voordat ze in industri\u00eble productie gaan.[\/vc_column_text][\/vc_column][vc_column width=&#8221;1\/2&#8243;]<div class=\"single_image wpb_content_element align-left    pix_shadow\" data-animation=\"none\" data-delay=\"0\"><img width=\"2560\" height=\"1703\" src=\"https:\/\/www.vandeputte.com\/wp-content\/uploads\/2023\/01\/Oleo-scaled.jpg\" class=\"attachment-full\" alt=\"\" decoding=\"async\" loading=\"lazy\" srcset=\"https:\/\/www.vandeputte.com\/wp-content\/uploads\/2023\/01\/Oleo-scaled.jpg 2560w, https:\/\/www.vandeputte.com\/wp-content\/uploads\/2023\/01\/Oleo-300x200.jpg 300w, https:\/\/www.vandeputte.com\/wp-content\/uploads\/2023\/01\/Oleo-1024x681.jpg 1024w, https:\/\/www.vandeputte.com\/wp-content\/uploads\/2023\/01\/Oleo-768x511.jpg 768w, https:\/\/www.vandeputte.com\/wp-content\/uploads\/2023\/01\/Oleo-1536x1022.jpg 1536w, https:\/\/www.vandeputte.com\/wp-content\/uploads\/2023\/01\/Oleo-2048x1363.jpg 2048w, https:\/\/www.vandeputte.com\/wp-content\/uploads\/2023\/01\/Oleo-600x400.jpg 600w\" sizes=\"(max-width: 2560px) 100vw, 2560px\" \/><\/div>[\/vc_column][\/vc_row][vc_row top_padding=&#8221;0&#8243; bottom_padding=&#8221;0&#8243;][vc_column width=&#8221;1\/2&#8243;]<div class=\"single_image wpb_content_element align-left    pix_shadow\" data-animation=\"none\" data-delay=\"0\"><img width=\"1920\" height=\"1101\" src=\"https:\/\/www.vandeputte.com\/wp-content\/uploads\/2019\/09\/header_000man.jpg\" class=\"attachment-full\" alt=\"\" decoding=\"async\" loading=\"lazy\" srcset=\"https:\/\/www.vandeputte.com\/wp-content\/uploads\/2019\/09\/header_000man.jpg 1920w, https:\/\/www.vandeputte.com\/wp-content\/uploads\/2019\/09\/header_000man-300x172.jpg 300w, https:\/\/www.vandeputte.com\/wp-content\/uploads\/2019\/09\/header_000man-768x440.jpg 768w, https:\/\/www.vandeputte.com\/wp-content\/uploads\/2019\/09\/header_000man-1024x587.jpg 1024w\" sizes=\"(max-width: 1920px) 100vw, 1920px\" \/><\/div>[\/vc_column][vc_column width=&#8221;1\/2&#8243;][vc_column_text]<\/p>\n<h2><strong>Groene chemie<\/strong><\/h2>\n<p>Oleochemicals ontwikkelt materialen &#8211; polymeren en derivaten &#8211; op basis van plantaardige oli\u00ebn en dus van <strong>hernieuwbare grondstoffen<\/strong>, waaronder vlas, voor de sectoren inkt, coatings en polymeren.<\/p>\n<p>Deze nieuwe soorten materialen zullen binnenkort producten vervangen die afkomstig zijn van fossiele brandstoffen die door de petrochemie worden verwerkt.<\/p>\n<p><strong>Een strategie die resoluut gericht is op de vermindering van de CO2-uitstoot<br \/>\n<\/strong>Het opnemen van onze producten in uw formules betekent :<\/p>\n<ul>\n<li>toegang tot de normen voor producten van biologische oorsprong.<\/li>\n<li>de mogelijkheid om de CO2-voetafdruk aanzienlijk te verminderen.<\/li>\n<li>fossiele bronnen vervangen die uitgeput en onbetaalbaar worden.<\/li>\n<li>de weg naar nieuwe toepassingen.<\/li>\n<\/ul>\n<p>[\/vc_column_text][\/vc_column][\/vc_row][vc_row top_padding=&#8221;90&#8243; bottom_padding=&#8221;0&#8243;][vc_column width=&#8221;1\/2&#8243;][vc_column_text]<\/p>\n<h2><strong>Oleochemicali\u00ebn, een ambitie en middelen<\/strong><\/h2>\n<p>Dankzij ons <strong>dynamisme<\/strong> en onze <strong>investeringen<\/strong> hebben wij onze productiecapaciteit in minder dan 10 jaar met 10 vermenigvuldigd.<\/p>\n<ul>\n<li>De <strong>reactiviteit <\/strong>van onze teams.<\/li>\n<li>De <strong>flexibiliteit <\/strong>van onze tool.<\/li>\n<\/ul>\n<p>De garantie van een echte <strong>flexibiliteit<\/strong> waardoor wij aan alle verzoeken kunnen voldoen en een assortiment van meer dan 100 producten kunnen produceren, leveren en verkopen.<\/p>\n<h2><strong>Een leidende positie<\/strong><\/h2>\n<p>Deze unieke <strong>knowhow<\/strong> geeft ons een concurrentievoordeel in het perspectief van producten van biologische oorsprong die vereist zijn door de verordeningen en normen die in werking treden.<\/p>\n<h2><strong>Een beheerst proces<\/strong><\/h2>\n<p>Al onze &#8220;Oliefabriek en Oleochemie&#8221; activiteiten zijn goedgekeurd en voorzien van het ISO 9001: 2008 label.[\/vc_column_text][\/vc_column][vc_column width=&#8221;1\/2&#8243;][vc_column_text]<\/p>\n<h2><strong>Een referentie R&amp;D lab<\/strong><\/h2>\n<p>Wij hebben ons R&amp;D-team opgezet, uitgerust, aangeworven en ontwikkeld om <strong>de partner van onze klanten<\/strong> te worden bij het bestuderen, evalueren en testen van op maat <strong>gemaakte formules<\/strong> voordat ze in productie gaan. Van laboratoriumschaal tot industri\u00eble productie, via onze proefinstallatie, werken onze R&amp;D-teams <strong>aan de formulering<\/strong> van producten die de CO2-voetafdruk verminderen.<\/p>\n<h2><strong>Proactieve logistiek<\/strong><\/h2>\n<ul>\n<li>Onze meertalige logistieke afdeling heeft dagelijks aandacht voor de behoeften van onze klanten.<\/li>\n<li>Volledige administratieve en documentaire ondersteuning.<\/li>\n<li>Levering op 5 continenten in alle hoeveelheden.<\/li>\n<li>Gegarandeerde levertijden.<\/li>\n<\/ul>\n<p>[\/vc_column_text][\/vc_column][\/vc_row][vc_row text_align=&#8221;center&#8221; top_padding=&#8221;90&#8243; bottom_padding=&#8221;90&#8243;][vc_column width=&#8221;1\/6&#8243;][\/vc_column][vc_column width=&#8221;2\/3&#8243;]<h3 class=\"headline font-inherit fontsize-l fontweight-500 lh-12 align-center transform-inherit \" style=\"margin: 0 0 20px 0; color: #b3b3b3;\"><\/h3>[\/vc_column][vc_column width=&#8221;1\/6&#8243;][\/vc_column][\/vc_row]<\/p>\n","protected":false},"excerpt":{"rendered":"<p>[vc_row video_bg=&#8221;use_video&#8221; video_webm=&#8221;http:\/\/www.vandeputte.com\/wp-content\/uploads\/2019\/11\/Video_header_oleo.webm&#8221; video_mp4=&#8221;http:\/\/www.vandeputte.com\/wp-content\/uploads\/2019\/07\/Video_header_04_0002.mp4&#8243; text_color=&#8221;light&#8221; text_align=&#8221;center&#8221; top_padding=&#8221;250&#8243; bottom_padding=&#8221;150&#8243; full_height=&#8221;true&#8221; row_id=&#8221;top_header_title&#8221;][vc_column width=&#8221;1\/1&#8243;][\/vc_column][\/vc_row][vc_row top_padding=&#8221;90&#8243; bottom_padding=&#8221;90&#8243;][vc_column width=&#8221;1\/6&#8243;][\/vc_column][vc_column width=&#8221;2\/3&#8243;][\/vc_column][vc_column width=&#8221;1\/6&#8243;][\/vc_column][\/vc_row][vc_row top_padding=&#8221;0&#8243; bottom_padding=&#8221;90&#8243;][vc_column width=&#8221;1\/2&#8243;][vc_column_text] R&amp;D: naar een vermindering van de CO2-voetafdruk, in samenwerking met onze klanten! Onze verkoopafdeling en onze R&amp;D-afdeling staan tot uw beschikking om nieuwe soorten materialen te ontwikkelen en te produceren. Elke dag openen zich nieuwe toepassingsgebieden voor onze producten. Wij hebben Oleochemicals gestructureerd rond 2 assen: een zeer effici\u00ebnte en polyvalente productie-eenheid en ons R&amp;D-laboratorium dat \u00ab gepersonaliseerde klantenondersteuning \u00bb biedt. Wij ontwikkelen technische oli\u00ebn zoals: standolie, gekookte, geblazen, gemale\u00efniseerd, gemodificeerde en gefunctionaliseerde oli\u00ebn. Met onze proefreactor kunnen onze partners en klanten hun producten in ontwikkeling testen en valideren voordat ze in industri\u00eble productie gaan.[\/vc_column_text][\/vc_column][vc_column width=&#8221;1\/2&#8243;][\/vc_column][\/vc_row][vc_row top_padding=&#8221;0&#8243; bottom_padding=&#8221;0&#8243;][vc_column width=&#8221;1\/2&#8243;][\/vc_column][vc_column width=&#8221;1\/2&#8243;][vc_column_text] Groene chemie Oleochemicals ontwikkelt materialen &#8211; polymeren en derivaten &#8211; op basis van plantaardige oli\u00ebn en dus van hernieuwbare grondstoffen, waaronder vlas, voor de sectoren inkt, coatings en polymeren. Deze nieuwe soorten materialen zullen binnenkort producten vervangen die afkomstig zijn van fossiele brandstoffen die door de petrochemie worden verwerkt. Een strategie die resoluut gericht is op de vermindering van de CO2-uitstoot Het opnemen van onze producten in uw formules betekent : toegang tot de normen voor producten van biologische oorsprong. de [&hellip;]<\/p>\n","protected":false},"author":2,"featured_media":0,"parent":0,"menu_order":0,"comment_status":"closed","ping_status":"closed","template":"","meta":{"om_disable_all_campaigns":false,"_monsterinsights_skip_tracking":false,"_monsterinsights_sitenote_active":false,"_monsterinsights_sitenote_note":"","_monsterinsights_sitenote_category":0},"aioseo_notices":[],"_links":{"self":[{"href":"https:\/\/www.vandeputte.com\/nl\/wp-json\/wp\/v2\/pages\/1070"}],"collection":[{"href":"https:\/\/www.vandeputte.com\/nl\/wp-json\/wp\/v2\/pages"}],"about":[{"href":"https:\/\/www.vandeputte.com\/nl\/wp-json\/wp\/v2\/types\/page"}],"author":[{"embeddable":true,"href":"https:\/\/www.vandeputte.com\/nl\/wp-json\/wp\/v2\/users\/2"}],"replies":[{"embeddable":true,"href":"https:\/\/www.vandeputte.com\/nl\/wp-json\/wp\/v2\/comments?post=1070"}],"version-history":[{"count":12,"href":"https:\/\/www.vandeputte.com\/nl\/wp-json\/wp\/v2\/pages\/1070\/revisions"}],"predecessor-version":[{"id":1949,"href":"https:\/\/www.vandeputte.com\/nl\/wp-json\/wp\/v2\/pages\/1070\/revisions\/1949"}],"wp:attachment":[{"href":"https:\/\/www.vandeputte.com\/nl\/wp-json\/wp\/v2\/media?parent=1070"}],"curies":[{"name":"wp","href":"https:\/\/api.w.org\/{rel}","templated":true}]}}