{"id":1077,"date":"2019-07-07T18:06:57","date_gmt":"2019-07-07T16:06:57","guid":{"rendered":"http:\/\/www.testing.vandeputte.com\/oleochimie\/nos-produits\/"},"modified":"2024-02-16T14:16:31","modified_gmt":"2024-02-16T13:16:31","slug":"onze-oleochemische-producten","status":"publish","type":"page","link":"https:\/\/www.vandeputte.com\/nl\/oleochemie\/onze-oleochemische-producten\/","title":{"rendered":"Onze Oleochemische producten"},"content":{"rendered":"<p>[vc_row bg_image=&#8221;786&#8243; parallax_bg=&#8221;true&#8221; text_color=&#8221;light&#8221; text_align=&#8221;center&#8221; top_padding=&#8221;250&#8243; bottom_padding=&#8221;150&#8243;][vc_column width=&#8221;1\/1&#8243;]<h1 class=\"headline font-inherit fontsize-xxxxxl fontweight-800 lh-inherit align-center transform-inherit \" style=\"margin: 0 0 0 0;\">Onze Oleochemische producten<\/h1>[\/vc_column][\/vc_row][vc_row top_padding=&#8221;90&#8243; bottom_padding=&#8221;90&#8243;][vc_column width=&#8221;1\/6&#8243;][\/vc_column][vc_column width=&#8221;2\/3&#8243;]<h3 class=\"headline font-inherit fontsize-l fontweight-500 lh-12 align-center transform-inherit \" style=\"margin: 0 0 20px 0; color: #b3b3b3;\">Standoli\u00ebn zijn plantaardige oli\u00ebn die onder vacu\u00fcm tot een zeer hoge temperatuur worden verhit. Afhankelijk van de tijd in de reactor zal de viscositeit hoger of lager zijn.<\/h3>[\/vc_column][vc_column width=&#8221;1\/6&#8243;][\/vc_column][\/vc_row][vc_row top_padding=&#8221;0&#8243; bottom_padding=&#8221;0&#8243;][vc_column width=&#8221;1\/2&#8243;][vc_column_text]<\/p>\n<h2><strong>Standolie<\/strong><\/h2>\n<p>1 tot 600 poise bij 20\u00b0C<\/p>\n<p><strong><em>Toepassingen :<\/em><\/strong><\/p>\n<ul>\n<li>Reactie-initiator bij de productie van alkydhars<\/li>\n<li>Additief bij de vervaardiging van offset-inkten<\/li>\n<li>Bindmiddel voor decoratieve verf en vernis<\/li>\n<li>Verfadditief : gebruikt als bevochtigingsmiddel\/dispergeermiddel<\/li>\n<\/ul>\n<p><strong><em>Voordelen<\/em><\/strong>:<\/p>\n<ul>\n<li>Verbetert de glans<\/li>\n<li>Verbetert de pigmentdispersie<\/li>\n<li>Verbetert de hechting op diverse ondergronden<\/li>\n<li>Verhoogt het hydrofobe karakter van het hars<\/li>\n<\/ul>\n<p>Toepassingen en voordelen vari\u00ebren afhankelijk van de viscositeit van de standolie.[\/vc_column_text][\/vc_column][vc_column width=&#8221;1\/2&#8243;][vc_column_text]<\/p>\n<h2><strong>Soja standolie<\/strong><\/h2>\n<p>2 tot 90 poise bij 20\u00b0C<\/p>\n<p><strong><em>Toepassingen :<\/em><\/strong><\/p>\n<ul>\n<li>Reactie-initiator bij de productie van alkydhars.<\/li>\n<li>Additief voor vetten en smeermiddelen.<\/li>\n<\/ul>\n<p><strong><em>Voordelen :<\/em><\/strong><\/p>\n<ul>\n<li>Verbetert de pigmentdispersie<\/li>\n<li>Verbetert de hechting op diverse ondergronden<\/li>\n<li>Verhoogt het hydrofobe karakter van het hars<\/li>\n<li>Vaak voordeliger<\/li>\n<\/ul>\n<p>[\/vc_column_text][\/vc_column][\/vc_row][vc_row top_padding=&#8221;90&#8243; bottom_padding=&#8221;0&#8243;][vc_column width=&#8221;1\/2&#8243;][vc_column_text]<\/p>\n<h2><strong>Chinese houtstandolie<\/strong><\/h2>\n<p>10 tot 90 poise bij 20\u00b0C<\/p>\n<p>Door het zeer hoge \u03b1-eleostearinezuurgehalte van de Chinese houtolie (+\/- 80%) heeft de resulterende standolie een uitstekende reactiviteit.<\/p>\n<p><strong><em>Toepassingen:<\/em><\/strong><\/p>\n<ul>\n<li>Bindmiddel voor natuurlijke verven en vernissen<\/li>\n<li>Grondstoffen voor scheepsverf<\/li>\n<\/ul>\n<p><strong><em>Voordelen :<\/em><\/strong><\/p>\n<ul>\n<li>Verbetert de hardheid<\/li>\n<li>Uitstekende reactiviteit<\/li>\n<\/ul>\n<p>[\/vc_column_text][\/vc_column][vc_column width=&#8221;1\/2&#8243;][vc_column_text]<\/p>\n<h2><strong>Gedehydrateerde ricinusolie<\/strong><\/h2>\n<p>5 tot 45 poise bij 20\u00b0C<\/p>\n<p>Deze standolie wordt vervaardigd uit gedehydrateerde FSG (first special grade) ricinusolie.<\/p>\n<p><strong><em>Toepassingen<\/em><\/strong> :<\/p>\n<ul>\n<li>Bindmiddel voor witte verf<\/li>\n<\/ul>\n<p><strong><em>Voordelen :<\/em><\/strong><\/p>\n<ul>\n<li>Zeer lage vergeling<\/li>\n<\/ul>\n<p>[\/vc_column_text][\/vc_column][\/vc_row][vc_row top_padding=&#8221;90&#8243; bottom_padding=&#8221;0&#8243;][vc_column width=&#8221;1\/2&#8243;][vc_column_text]<\/p>\n<h2><strong>Zonnebloem standolie<\/strong><\/h2>\n<p>30 tot 300 poise bij 20\u00b0C<\/p>\n<p><strong><em>Toepassingen :<\/em><\/strong><\/p>\n<ul>\n<li>Bindmiddel voor witte verf<\/li>\n<li>Gekalkte oli\u00ebn<\/li>\n<\/ul>\n<p><strong><em>Voordelen :<\/em><\/strong><\/p>\n<ul>\n<li><span class=\"ui-provider vc b c d e f g h i j k l m n o p q r s t u v w x y z ab ac ae af ag ah ai aj ak\" dir=\"ltr\">Zeer lage vergeling<\/span><\/li>\n<\/ul>\n<p>[\/vc_column_text][\/vc_column][vc_column width=&#8221;1\/2&#8243;][vc_column_text]<\/p>\n<h2><strong>Standolie van Saffloer<\/strong><\/h2>\n<p>2 tot 40 poise bij 20\u00b0C<\/p>\n<p><em><strong>Toepassingen :<\/strong><\/em><\/p>\n<ul>\n<li>Bindmiddel voor witte verven<\/li>\n<\/ul>\n<p><em><strong>Voordelen :<\/strong><\/em><\/p>\n<ul>\n<li>Zeer lage vergeling<\/li>\n<\/ul>\n<p>[\/vc_column_text][\/vc_column][\/vc_row][vc_row top_padding=&#8221;90&#8243; bottom_padding=&#8221;90&#8243;][vc_column width=&#8221;1\/2&#8243;][vc_column_text]<\/p>\n<h2><strong>Gemengde stand olie linnen\/hout van China<\/strong><\/h2>\n<p>25 tot 90 poise bij 20\u00b0C<\/p>\n<p><strong><em>Toepassingen :<\/em><\/strong><\/p>\n<ul>\n<li>Bindmiddel voor natuurlijke verven en vernissen<\/li>\n<li>Grondstoffen voor scheepsverf<\/li>\n<li>Behandeling van hout<\/li>\n<\/ul>\n<p><strong><em>Voordelen<\/em><\/strong>:<\/p>\n<p>Het beste drukt de kenmerken van elke standolie uit, namelijk:<\/p>\n<ul>\n<li>Verbetert de hardheid<\/li>\n<li>Uitstekende reactiviteit<\/li>\n<li>Zorgt voor een goede glans<\/li>\n<\/ul>\n<p>[\/vc_column_text][\/vc_column][vc_column width=&#8221;1\/2&#8243;][\/vc_column][\/vc_row][vc_row type=&#8221;full_width_section&#8221; bg_image=&#8221;786&#8243; parallax_bg=&#8221;true&#8221; text_color=&#8221;light&#8221; text_align=&#8221;center&#8221; top_padding=&#8221;90&#8243; bottom_padding=&#8221;90&#8243;][vc_column width=&#8221;1\/1&#8243;]<h1 class=\"headline font-inherit fontsize-xxxxxl fontweight-800 lh-12 align-center transform-inherit \" style=\"margin: 0 0 20px 0;\">Onze andere producten<\/h1>[\/vc_column][\/vc_row][vc_row top_padding=&#8221;90&#8243; bottom_padding=&#8221;0&#8243;][vc_column width=&#8221;1\/2&#8243;][vc_column_text]<\/p>\n<h2><strong>Gekookte oli\u00ebn<\/strong><\/h2>\n<p>Gekookte oli\u00ebn zijn uitsluitend voorgeoxideerde lijnoli\u00ebn met toegevoegde cocktails van drogers. Deze combinatie van zuurstof en katalysator maakt de gekookte lijnolie reactiever. Afhankelijk van de toepassing en de doelmarkten kunnen gekookte lijnoli\u00ebn verdund worden met oplosmiddelen uit aardolie.<\/p>\n<p>Het gamma van gekookte lijnolie is hoofdzakelijk gebaseerd op 3 parameters: <strong>kleur, zuurgetal en droogtijd :<\/strong><\/p>\n<ul>\n<li><strong>Gekookte lijndolie<\/strong><\/li>\n<li><strong>Licht gekookte lijnolie<\/strong><\/li>\n<li><strong>Dubbel gekookte lijnolie<\/strong><\/li>\n<li><strong>Gekookte lijnolie &#8211; hoge viscositeit<\/strong><\/li>\n<\/ul>\n<p>De belangrijkste toepassingen zijn :<\/p>\n<ul>\n<li>behandeling en verduurzaming van hout<\/li>\n<li>productie van grondverf en plamuur<\/li>\n<li>waterdicht maken van beton en steen (tommette)<\/li>\n<li>anticorrosiebescherming op staal<\/li>\n<\/ul>\n<p>[\/vc_column_text][\/vc_column][vc_column width=&#8221;1\/2&#8243;][vc_column_text]<\/p>\n<h2><strong>Geoxideerde geblazen oli\u00ebn<\/strong><\/h2>\n<p>Geoxideerde oli\u00ebn, bekend als &#8220;geblazen oli\u00ebn&#8221;, worden verkregen door toevoeging van zuurstof bij gematigde temperaturen.<\/p>\n<p><strong>Geoxideerde lijnolie<\/strong><\/p>\n<p><strong><em>Toepassingen :<\/em><\/strong><\/p>\n<ul>\n<li>Gietmiddel voor gieterijen<\/li>\n<\/ul>\n<p><strong>Geoxideerde sojaolie<\/strong><\/p>\n<p><strong><em>Toepassingen: <\/em><\/strong><\/p>\n<ul>\n<li>Mastiek en afdichtingen<\/li>\n<\/ul>\n<p><strong>Geoxideerde koolzaadolie<\/strong><\/p>\n<p><strong><em>Toepassingen :<\/em><\/strong><\/p>\n<ul>\n<li>Smeermiddelen voor kettingolie \/ snijolie \/ vetten<\/li>\n<\/ul>\n<p><strong><em>Voordelen :<\/em><\/strong><\/p>\n<ul>\n<li>Weerstand tegen hoge temperaturen<\/li>\n<li>Goed afschuifgedrag<\/li>\n<li>Geoxideerde ricinusolie<\/li>\n<\/ul>\n<p><strong><em>Toepassingen :<\/em><\/strong><\/p>\n<ul>\n<li>Vetten en smeermiddelen<\/li>\n<li>Kleefstoffen<\/li>\n<li>Coatings<\/li>\n<li>Weekmakers voor inkten en oppervlaktecoatings (vervanging van ftalaten)<\/li>\n<\/ul>\n<p><strong><em>Voordelen :<\/em><\/strong><\/p>\n<ul>\n<li>Blijft vloeibaar bij lage temperaturen<\/li>\n<li>Goed afschuifgedrag<\/li>\n<\/ul>\n<p>[\/vc_column_text][\/vc_column][\/vc_row][vc_row top_padding=&#8221;90&#8243; bottom_padding=&#8221;0&#8243;][vc_column width=&#8221;1\/2&#8243;][vc_column_text]<\/p>\n<h2><strong>Gedehydrateerde ricinusolie<\/strong><\/h2>\n<p>Dehydratatie maakt ricinusolie FSG halfdroog door de vorming van geconjugeerde dubbele bindingen.<\/p>\n<p><strong><em>Toepassingen :<\/em><\/strong><\/p>\n<ul>\n<li>Grondstof voor alkyd-, epoxy- en acrylharsen<\/li>\n<\/ul>\n<p><strong><em>Voordelen :<\/em><\/strong><\/p>\n<ul>\n<li>Goede reactiviteit<\/li>\n<li>Lage vergeling<\/li>\n<li>Goede mechanische weerstand<\/li>\n<\/ul>\n<p>[\/vc_column_text][\/vc_column][vc_column width=&#8221;1\/2&#8243;][\/vc_column][\/vc_row][vc_row top_padding=&#8221;90&#8243; bottom_padding=&#8221;0&#8243;][vc_column width=&#8221;1\/2&#8243;][vc_column_text]<\/p>\n<h2><strong>Gemale\u00efniseerde oli\u00ebn<\/strong><\/h2>\n<ul>\n<li><strong>Gemale\u00efniseerde lijnolie<\/strong><\/li>\n<li><strong>Sojaolie, gemale\u00efniseerd<\/strong><\/li>\n<\/ul>\n<p>[\/vc_column_text][\/vc_column][vc_column width=&#8221;1\/2&#8243;][vc_column_text]<\/p>\n<h2><strong>Emulgeerbare oli\u00ebn<\/strong><\/h2>\n<ul>\n<li><strong>Emulgeerbare lijnolie<\/strong><\/li>\n<li><strong>Emulgeerbare sojaolie<\/strong><\/li>\n<li><strong>Emulgeerbare koolzaadolie<\/strong><\/li>\n<\/ul>\n<p>[\/vc_column_text][\/vc_column][\/vc_row][vc_row top_padding=&#8221;90&#8243; bottom_padding=&#8221;0&#8243;][vc_column width=&#8221;1\/2&#8243;][vc_column_text]<\/p>\n<h2><strong>Reactieve verdunners<\/strong><\/h2>\n<p>Dit product uit het VEOLISOL-gamma is het resultaat van onze knowhow op het gebied van de ontwikkeling van producten op maat van onze klanten.<\/p>\n<p>Het combineert de karakteristieke prestaties van verschillende plantaardige oli\u00ebn en maakt het dus mogelijk een product te verkrijgen dat zeer gemakkelijk te gebruiken of aan te brengen is (vanwege het oplossend vermogen), terwijl de droogtijd slechts enkele uren bedraagt.<\/p>\n<p>Reactieve verdunners zijn zeer populair in de houtbehandelings- en -beschermingsindustrie.[\/vc_column_text][\/vc_column][vc_column width=&#8221;1\/2&#8243;][vc_column_text]<\/p>\n<h2><strong>Oplosmiddelen van plantaardige oorsprong<\/strong><\/h2>\n<p>Gemaakt van methylesters van plantaardige oli\u00ebn (VOME) zoals vlas, soja, koolzaad of palm &#8211; deze esters behouden hetzelfde vetzuurprofiel als de oorspronkelijke oli\u00ebn, maar hebben tot tien keer lagere viscositeit.[\/vc_column_text][\/vc_column][\/vc_row][vc_row top_padding=&#8221;90&#8243; bottom_padding=&#8221;90&#8243;][vc_column width=&#8221;1\/2&#8243;][vc_column_text]<\/p>\n<h2><strong>Bio-based plantaardige emulsie alkydharsen<\/strong><\/h2>\n<p>Het VEOMUL gamma is het resultaat van de fusie van de divisies oleochemie, zeep en detergenten van Vandeputte en het gebruik van nieuwe hernieuwbare grondstoffen ter vervanging van traditionele stoffen van petrochemische oorsprong.<\/p>\n<p>Het gamma is beschikbaar volgens prestaties, toepassingsgebied en koolstofgehalte van biologische oorsprong.<\/p>\n<ul>\n<li><strong>VEOMUL VT-098: plantaardige alkyd in emulsie: 98% van biologische oorsprong.<\/strong><\/li>\n<li><strong>VEOMUL VS-097: alkydemulsie op plantaardige basis: 97% van biologische oorsprong.<\/strong><\/li>\n<\/ul>\n<p>[\/vc_column_text][\/vc_column][vc_column width=&#8221;1\/2&#8243;][\/vc_column][\/vc_row][vc_row type=&#8221;full_width_section&#8221; bg_image=&#8221;786&#8243; parallax_bg=&#8221;true&#8221; text_color=&#8221;light&#8221; text_align=&#8221;center&#8221; top_padding=&#8221;90&#8243; bottom_padding=&#8221;90&#8243;][vc_column width=&#8221;1\/1&#8243;]<h1 class=\"headline font-inherit fontsize-xxxxxl fontweight-800 lh-12 align-center transform-inherit \" style=\"margin: 0 0 20px 0;\">Andere plantaardige oli\u00ebn<\/h1>[\/vc_column][\/vc_row][vc_row top_padding=&#8221;90&#8243; bottom_padding=&#8221;0&#8243;][vc_column width=&#8221;1\/2&#8243;][vc_column_text]<\/p>\n<h2><strong><span class=\"ui-provider vc b c d e f g h i j k l m n o p q r s t u v w x y z ab ac ae af ag ah ai aj ak\" dir=\"ltr\">Chinese houtolie<\/span> \/ Tungolie<\/strong><\/h2>\n<p>Chinese houtolie of tungolie wordt verkregen door het mechanisch persen van de gedroogde en geplette noten van de Aleurites Fordii boom. Deze noten bevatten bijna 50% van een ruwe olie die voor meer dan 70% bestaat uit \u03b1-eleostearinezuur, een vetzuur met 3 geconjugeerde dubbele bindingen waardoor de olie zeer reactief is.<\/p>\n<p><strong><em>Toepassingen :<\/em><\/strong><\/p>\n<ul>\n<li>Behoud en bescherming van hout<\/li>\n<li>Alkydharsen<\/li>\n<li>Marineverven<\/li>\n<\/ul>\n<p><strong><em>Voordelen :<\/em><\/strong><\/p>\n<ul>\n<li>Uitstekende waterafstotendheid<\/li>\n<li>Goede verzadiging van het hout<\/li>\n<li>Goede elasticiteit<\/li>\n<li>Uitstekende reactiviteit<\/li>\n<li>Goede hardheid<\/li>\n<li>Goede mechanische sterkte.<\/li>\n<\/ul>\n<p>[\/vc_column_text][\/vc_column][vc_column width=&#8221;1\/2&#8243;][vc_column_text]<\/p>\n<h2><strong>Ricinusolie<\/strong><\/h2>\n<p>Ricinusolie N\u00b01 of FSG (First Special Grade) wordt verkregen uit de zaden van Ricinus communis. Uit deze zaden wordt een olie verkregen die voor meer dan 90% bestaat uit ricinolzuur dat wordt gekenmerkt door zijn hydroxylfunctie (-OH). Deze functie geeft het specifieke eigenschappen die in vele toepassingsgebieden worden gebruikt.<\/p>\n<p><strong><em>Toepassingen :<\/em><\/strong><\/p>\n<ul>\n<li>Glijmiddelen<\/li>\n<li>Grondstoffen voor polyurethaanharsen<\/li>\n<li>Cosmetica<\/li>\n<li>Grondstoffen voor polyamiden<\/li>\n<li>Plastificeermiddelen<\/li>\n<\/ul>\n<p><strong><em>Voordelen :<\/em><\/strong><\/p>\n<ul>\n<li>Goede oplosbaarheid in alcohol<\/li>\n<li>Hoge viscositeit (+\/- 10 poise bij 20\u00b0C)<\/li>\n<\/ul>\n<p>[\/vc_column_text][\/vc_column][\/vc_row][vc_row top_padding=&#8221;90&#8243; bottom_padding=&#8221;0&#8243;][vc_column width=&#8221;1\/2&#8243;][vc_column_text]<\/p>\n<h2><strong><span class=\"ui-provider vc b c d e f g h i j k l m n o p q r s t u v w x y z ab ac ae af ag ah ai aj ak\" dir=\"ltr\">Saffloerolie<\/span><\/strong><\/h2>\n<p><span class=\"ui-provider vc b c d e f g h i j k l m n o p q r s t u v w x y z ab ac ae af ag ah ai aj ak\" dir=\"ltr\">Saffloerolie wordt gewonnen uit de zaden van de distel (Carthamus tinctorius). Uit deze zaden wordt een olie gewonnen die voor meer dan 70% bestaat uit linolzuren (CLA) die gekenmerkt worden door twee geconjugeerde dubbele bindingen. Dit vetzuur geeft de olie een zeer hoge reactiviteit.<\/span><\/p>\n<p><strong><em>Toepassingen :\u00a0<\/em><\/strong><\/p>\n<ul>\n<li>Witte verven<\/li>\n<li>vernissen<\/li>\n<li>cosmetica<\/li>\n<\/ul>\n<p><em><strong>Voordelen :\u00a0<\/strong><\/em><\/p>\n<ul>\n<li>zeer lage vergeling<\/li>\n<li>snel drogend<\/li>\n<\/ul>\n<p>[\/vc_column_text][\/vc_column][vc_column width=&#8221;1\/2&#8243;][vc_column_text]<\/p>\n<h2><strong>Sojaolie<\/strong><\/h2>\n<p>Geraffineerde sojaolie[\/vc_column_text][\/vc_column][\/vc_row][vc_row top_padding=&#8221;90&#8243; bottom_padding=&#8221;90&#8243;][vc_column width=&#8221;1\/2&#8243;][vc_column_text]<\/p>\n<h2><span class=\"ui-provider vc b c d e f g h i j k l m n o p q r s t u v w x y z ab ac ae af ag ah ai aj ak\" dir=\"ltr\">Raapzaadolie<\/span><\/h2>\n<p><span class=\"ui-provider vc b c d e f g h i j k l m n o p q r s t u v w x y z ab ac ae af ag ah ai aj ak\" dir=\"ltr\">Ruwe en geraffineerde raapzaadolie<\/span>[\/vc_column_text][\/vc_column][vc_column width=&#8221;1\/2&#8243;][vc_column_text]<\/p>\n<h2><strong>Zonnebloemolie<\/strong><\/h2>\n<p>Geraffineerde zonnebloemolie[\/vc_column_text][\/vc_column][\/vc_row][vc_row text_align=&#8221;center&#8221; top_padding=&#8221;90&#8243; bottom_padding=&#8221;90&#8243;][vc_column width=&#8221;1\/6&#8243;][\/vc_column][vc_column width=&#8221;2\/3&#8243;]<h3 class=\"headline font-inherit fontsize-l fontweight-500 lh-12 align-center transform-inherit \" style=\"margin: 0 0 20px 0; color: #b3b3b3;\"><\/h3>[\/vc_column][vc_column width=&#8221;1\/6&#8243;][\/vc_column][\/vc_row]<\/p>\n","protected":false},"excerpt":{"rendered":"<p>[vc_row bg_image=&#8221;786&#8243; parallax_bg=&#8221;true&#8221; text_color=&#8221;light&#8221; text_align=&#8221;center&#8221; top_padding=&#8221;250&#8243; bottom_padding=&#8221;150&#8243;][vc_column width=&#8221;1\/1&#8243;][\/vc_column][\/vc_row][vc_row top_padding=&#8221;90&#8243; bottom_padding=&#8221;90&#8243;][vc_column width=&#8221;1\/6&#8243;][\/vc_column][vc_column width=&#8221;2\/3&#8243;][\/vc_column][vc_column width=&#8221;1\/6&#8243;][\/vc_column][\/vc_row][vc_row top_padding=&#8221;0&#8243; bottom_padding=&#8221;0&#8243;][vc_column width=&#8221;1\/2&#8243;][vc_column_text] Standolie 1 tot 600 poise bij 20\u00b0C Toepassingen : Reactie-initiator bij de productie van alkydhars Additief bij de vervaardiging van offset-inkten Bindmiddel voor decoratieve verf en vernis Verfadditief : gebruikt als bevochtigingsmiddel\/dispergeermiddel Voordelen: Verbetert de glans Verbetert de pigmentdispersie Verbetert de hechting op diverse ondergronden Verhoogt het hydrofobe karakter van het hars Toepassingen en voordelen vari\u00ebren afhankelijk van de viscositeit van de standolie.[\/vc_column_text][\/vc_column][vc_column width=&#8221;1\/2&#8243;][vc_column_text] Soja standolie 2 tot 90 poise bij 20\u00b0C Toepassingen : Reactie-initiator bij de productie van alkydhars. Additief voor vetten en smeermiddelen. Voordelen : Verbetert de pigmentdispersie Verbetert de hechting op diverse ondergronden Verhoogt het hydrofobe karakter van het hars Vaak voordeliger [\/vc_column_text][\/vc_column][\/vc_row][vc_row top_padding=&#8221;90&#8243; bottom_padding=&#8221;0&#8243;][vc_column width=&#8221;1\/2&#8243;][vc_column_text] Chinese houtstandolie 10 tot 90 poise bij 20\u00b0C Door het zeer hoge \u03b1-eleostearinezuurgehalte van de Chinese houtolie (+\/- 80%) heeft de resulterende standolie een uitstekende reactiviteit. Toepassingen: Bindmiddel voor natuurlijke verven en vernissen Grondstoffen voor scheepsverf Voordelen : Verbetert de hardheid Uitstekende reactiviteit [\/vc_column_text][\/vc_column][vc_column width=&#8221;1\/2&#8243;][vc_column_text] Gedehydrateerde ricinusolie 5 tot 45 poise bij 20\u00b0C Deze standolie wordt vervaardigd uit gedehydrateerde FSG (first special grade) ricinusolie. Toepassingen : Bindmiddel voor witte verf Voordelen : Zeer lage vergeling [&hellip;]<\/p>\n","protected":false},"author":2,"featured_media":0,"parent":1070,"menu_order":0,"comment_status":"closed","ping_status":"closed","template":"","meta":{"om_disable_all_campaigns":false,"_monsterinsights_skip_tracking":false,"_monsterinsights_sitenote_active":false,"_monsterinsights_sitenote_note":"","_monsterinsights_sitenote_category":0},"aioseo_notices":[],"_links":{"self":[{"href":"https:\/\/www.vandeputte.com\/nl\/wp-json\/wp\/v2\/pages\/1077"}],"collection":[{"href":"https:\/\/www.vandeputte.com\/nl\/wp-json\/wp\/v2\/pages"}],"about":[{"href":"https:\/\/www.vandeputte.com\/nl\/wp-json\/wp\/v2\/types\/page"}],"author":[{"embeddable":true,"href":"https:\/\/www.vandeputte.com\/nl\/wp-json\/wp\/v2\/users\/2"}],"replies":[{"embeddable":true,"href":"https:\/\/www.vandeputte.com\/nl\/wp-json\/wp\/v2\/comments?post=1077"}],"version-history":[{"count":21,"href":"https:\/\/www.vandeputte.com\/nl\/wp-json\/wp\/v2\/pages\/1077\/revisions"}],"predecessor-version":[{"id":1746,"href":"https:\/\/www.vandeputte.com\/nl\/wp-json\/wp\/v2\/pages\/1077\/revisions\/1746"}],"up":[{"embeddable":true,"href":"https:\/\/www.vandeputte.com\/nl\/wp-json\/wp\/v2\/pages\/1070"}],"wp:attachment":[{"href":"https:\/\/www.vandeputte.com\/nl\/wp-json\/wp\/v2\/media?parent=1077"}],"curies":[{"name":"wp","href":"https:\/\/api.w.org\/{rel}","templated":true}]}}